{"id":4038,"date":"2024-04-08T09:28:26","date_gmt":"2024-04-08T08:28:26","guid":{"rendered":"http:\/\/s380018237.mialojamiento.es\/servicios\/"},"modified":"2025-06-03T15:43:22","modified_gmt":"2025-06-03T14:43:22","slug":"servicios","status":"publish","type":"page","link":"https:\/\/gattiken.eus\/es\/servicios\/","title":{"rendered":"SERVICIOS"},"content":{"rendered":"\n<div class=\"wp-block-montoya-gutenberg-container content-row dark-section normal\" data-bgcolor=\"#ffffff\" style=\"text-align:left\">\n<div class=\"wp-block-montoya-gutenberg-clipped-image clipped-image-wrapper\"><div class=\"clipped-image-pin\"><div class=\"clipped-image\"><img decoding=\"async\" src=\"http:\/\/s380018237.mialojamiento.es\/wp-content\/uploads\/2025\/04\/gattiken_aurkezpena_azala.jpg\" alt=\"\"><div class=\"content-video-wrapper\"><video class=\"bgvid\" loop=\"\" muted=\"\" playsinline=\"\"><source src=\"http:\/\/s380018237.mialojamiento.es\/wp-content\/uploads\/2025\/04\/gattiken-spot.mp4\" type=\"video\/mp4\"><\/source><\/video><\/div><div class=\"clipped-image-gradient\"><\/div><\/div><\/div><div class=\"clipped-image-content content-full-width\"><\/div><\/div>\n<\/div>\n\n<div class=\"wp-block-montoya-gutenberg-container content-row light-section normal row_padding_top row_padding_bottom\" data-bgcolor=\"#ffffff\" style=\"text-align:left\">\n<p class=\"has-text-align-center\" style=\"font-size:21px;font-style:normal;font-weight:100;letter-spacing:10px;text-decoration:none\">GATTIKEN ES UNA COOPERATIVA DE COMUNICACI\u00d3N QUE SURGI\u00d3 EN EL A\u00d1O 2012 EN URRETXU. TRABAJAMOS CREANDO CONTENIDO COMUNICATIVO. LOS AUDIOVISUALES SON EL CENTRO DE NUSTRA OFERTA PERO TAMBI\u00c9N DESTACAMOS EN TRABAJOS DE DISE\u00d1O GR\u00c1FICO O MAQUETACI\u00d3N.  <\/p>\n<\/div>\n\n<p><a name=\"zerbitzuak\"><\/a><\/p>\n\n<div class=\"wp-block-montoya-gutenberg-container content-row light-section normal row_padding_top row_padding_bottom change-header-color has-clip-path\" data-bgcolor=\"#ffffff\" style=\"text-align:left\">\n<div class=\"wp-block-columns pinned-section is-layout-flex wp-container-core-columns-is-layout-9d6595d7 wp-block-columns-is-layout-flex\">\n<div class=\"wp-block-column pinned-element left is-layout-flow wp-block-column-is-layout-flow\">\n<h2 class=\"wp-block-heading big-title primary-font-title no-margins\">Nuestros SERVICIOS<\/h2>\n<\/div>\n\n\n\n<div class=\"wp-block-column scrolling-element right is-layout-flow wp-block-column-is-layout-flow\">\n<dl class=\"wp-block-montoya-gutenberg-accordion accordion small-acc\">\n<dt><span class=\"link\">GRABACIONES<\/span><div class=\"acc-icon-wrap parallax-wrap\"><div class=\"acc-button-icon parallax-element\"><i class=\"fa fa-arrow-right\"><\/i><\/div><\/div><\/dt><dd class=\"accordion-content\">Realizamos grabaciones de todo tipo de actos, con una sola c\u00e1mara o varias, con el objetivo de que ese momento tan especial se convierta en un recuerdo especial.<\/dd>\n\n\n\n<dt><span class=\"link\">PRODUCCI\u00d3N DE V\u00cdDEO<\/span><div class=\"acc-icon-wrap parallax-wrap\"><div class=\"acc-button-icon parallax-element\"><i class=\"fa fa-arrow-right\"><\/i><\/div><\/div><\/dt><dd class=\"accordion-content\">Nuestro punto fuerte es la producci\u00f3n de obras audiovisuales, desde la preproducci\u00f3n hasta el final de la obra en todas sus fases, desde la elaboraci\u00f3n de guiones, selecci\u00f3n de localizaciones, elaboraci\u00f3n de storyboard, grabaci\u00f3n, edici\u00f3n, etalonaje y postproducci\u00f3n. Proponemos el estilo y los recursos que mejor se adapten a las necesidades del cliente en cada caso. <\/dd>\n\n\n\n<dt><span class=\"link\">CONTENIDO PARA REDES SOCIALES<\/span><div class=\"acc-icon-wrap parallax-wrap\"><div class=\"acc-button-icon parallax-element\"><i class=\"fa fa-arrow-right\"><\/i><\/div><\/div><\/dt><dd class=\"accordion-content\">Creamos contenidos y campa\u00f1as adaptadas a las redes sociales, creando fotos, v\u00eddeos o grafismos.<\/dd>\n\n\n\n<dt><span class=\"link\">SPOTS PUBLICITARIOS<\/span><div class=\"acc-icon-wrap parallax-wrap\"><div class=\"acc-button-icon parallax-element\"><i class=\"fa fa-arrow-right\"><\/i><\/div><\/div><\/dt><dd class=\"accordion-content\">Creamos Spots publicitarios para marcas, productos o actos.<\/dd>\n\n\n\n<dt><span class=\"link\">MOTION GRAPHIC<\/span><div class=\"acc-icon-wrap parallax-wrap\"><div class=\"acc-button-icon parallax-element\"><i class=\"fa fa-arrow-right\"><\/i><\/div><\/div><\/dt><dd class=\"accordion-content\">Creamos audiovisuales animados, utilizando tanto animaciones tipogr\u00e1ficas como im\u00e1genes o personajes.<\/dd>\n\n\n\n<dt><span class=\"link\">DOCUMENTALES<\/span><div class=\"acc-icon-wrap parallax-wrap\"><div class=\"acc-button-icon parallax-element\"><i class=\"fa fa-arrow-right\"><\/i><\/div><\/div><\/dt><dd class=\"accordion-content\">Creamos documentales personalizados a las necesidades del cliente.<\/dd>\n\n\n\n<dt><span class=\"link\">SERVICIO STREAMING EN DIRECTO<\/span><div class=\"acc-icon-wrap parallax-wrap\"><div class=\"acc-button-icon parallax-element\"><i class=\"fa fa-arrow-right\"><\/i><\/div><\/div><\/dt><dd class=\"accordion-content\">Ofrecemos servicios de streaming en directo, con realizaci\u00f3n in situ..<\/dd>\n\n\n\n<dt><span class=\"link\">INTELIGENCIA ARTIFICIAL<\/span><div class=\"acc-icon-wrap parallax-wrap\"><div class=\"acc-button-icon parallax-element\"><i class=\"fa fa-arrow-right\"><\/i><\/div><\/div><\/dt><dd class=\"accordion-content\">Ofrecemos im\u00e1genes o v\u00eddeos creados por Inteligencia Artificial.<\/dd>\n\n\n\n<dt><span class=\"link\">SERVICIO DE DRON<\/span><div class=\"acc-icon-wrap parallax-wrap\"><div class=\"acc-button-icon parallax-element\"><i class=\"fa fa-arrow-right\"><\/i><\/div><\/div><\/dt><dd class=\"accordion-content\">tenemos licencia oficial de piloto de drones.<\/dd>\n\n\n\n<dt><span class=\"link\">ELABORACI\u00d3N DE IMAGEN<\/span><div class=\"acc-icon-wrap parallax-wrap\"><div class=\"acc-button-icon parallax-element\"><i class=\"fa fa-arrow-right\"><\/i><\/div><\/div><\/dt><dd class=\"accordion-content\">Creaci\u00f3n y aplicaci\u00f3n de logos y medios para su promoci\u00f3n. <\/dd>\n\n\n\n<dt><span class=\"link\">MAQUETACI\u00d3N<\/span><div class=\"acc-icon-wrap parallax-wrap\"><div class=\"acc-button-icon parallax-element\"><i class=\"fa fa-arrow-right\"><\/i><\/div><\/div><\/dt><dd class=\"accordion-content\">Trabajamos en la maquetaci\u00f3n de carteles, revistas, flyers o libros.<\/dd>\n<\/dl>\n<\/div>\n<\/div>\n<\/div>\n\n<div class=\"wp-block-montoya-gutenberg-container content-row dark-section full row_padding_top row_padding_left row_padding_right\" data-bgcolor=\"#0c0c0c\" style=\"text-align:center\">\n<h2 class=\"wp-block-heading big-title primary-font-title has-mask-fill\">\u00bfCON QUI\u00c9N HEMOS TRABAJADO?<\/h2>\n\n\n\n<p>ALGUNOS DE NUESTROS CLIENTES<\/p>\n\n\n\n<div style=\"height:80px\" aria-hidden=\"true\" class=\"wp-block-spacer\"><\/div>\n\n\n\n<div class=\"wp-block-columns is-layout-flex wp-container-core-columns-is-layout-9d6595d7 wp-block-columns-is-layout-flex\">\n<div class=\"wp-block-column is-layout-flow wp-block-column-is-layout-flow\" style=\"flex-basis:100%\">\n<div class=\"wp-block-columns is-layout-flex wp-container-core-columns-is-layout-9d6595d7 wp-block-columns-is-layout-flex\">\n<div class=\"wp-block-column is-layout-flow wp-block-column-is-layout-flow\" style=\"flex-basis:100%\">\n<ul class=\"wp-block-montoya-gutenberg-clients clients-table no-borders\" data-delay=\"0\">\n<li class=\"link\"><a target=\"_blank\" href=\"http:\/\/gaztelukoostatua.eus\/\"><img decoding=\"async\" src=\"http:\/\/s380018237.mialojamiento.es\/wp-content\/uploads\/2025\/04\/gaztelu-3.png\" alt=\"client image\" \/><div class=\"overlay\"><\/div><\/a><\/li>\n\n\n\n<li class=\"link\"><a target=\"_blank\" href=\"https:\/\/aikur.eus\/\"><img decoding=\"async\" src=\"http:\/\/s380018237.mialojamiento.es\/wp-content\/uploads\/2025\/04\/aikur-1.png\" alt=\"client image\" \/><div class=\"overlay\"><\/div><\/a><\/li>\n\n\n\n<li class=\"link\"><a target=\"_blank\" href=\"https:\/\/basqueplanet.com\/\"><img decoding=\"async\" src=\"http:\/\/s380018237.mialojamiento.es\/wp-content\/uploads\/2025\/04\/basque-planet.png\" alt=\"client image\" \/><div class=\"overlay\"><\/div><\/a><\/li>\n\n\n\n<li class=\"link\"><a target=\"_blank\" href=\"https:\/\/bitartean.eus\/\"><img decoding=\"async\" src=\"http:\/\/s380018237.mialojamiento.es\/wp-content\/uploads\/2025\/04\/bitartean.png\" alt=\"client image\" \/><div class=\"overlay\"><\/div><\/a><\/li>\n\n\n\n<li class=\"link\"><a target=\"_blank\" href=\"https:\/\/www.arrola.es\/hornos-industriales\/\"><img decoding=\"async\" src=\"http:\/\/s380018237.mialojamiento.es\/wp-content\/uploads\/2025\/04\/arrola.png\" alt=\"client image\" \/><div class=\"overlay\"><\/div><\/a><\/li>\n\n\n\n<li class=\"link\"><a target=\"_blank\" href=\"http:\/\/gea.eus\/\"><img decoding=\"async\" src=\"http:\/\/s380018237.mialojamiento.es\/wp-content\/uploads\/2025\/04\/gea-1.png\" alt=\"client image\" \/><div class=\"overlay\"><\/div><\/a><\/li>\n\n\n\n<li class=\"link\"><a target=\"_blank\" href=\"https:\/\/www.igartubeitibaserria.eus\/eu\"><img decoding=\"async\" src=\"http:\/\/s380018237.mialojamiento.es\/wp-content\/uploads\/2025\/05\/igartubeiti-1.png\" alt=\"client image\" \/><div class=\"overlay\"><\/div><\/a><\/li>\n\n\n\n<li class=\"link\"><a target=\"_blank\" href=\"https:\/\/www.lurradantzataldea.com\/\"><img decoding=\"async\" src=\"http:\/\/s380018237.mialojamiento.es\/wp-content\/uploads\/2025\/05\/lurra-1.png\" alt=\"client image\" \/><div class=\"overlay\"><\/div><\/a><\/li>\n\n\n\n<li class=\"link\"><a target=\"_blank\" href=\"https:\/\/amesgile.com\/\"><img decoding=\"async\" src=\"http:\/\/s380018237.mialojamiento.es\/wp-content\/uploads\/2025\/05\/amesgile-1.png\" alt=\"client image\" \/><div class=\"overlay\"><\/div><\/a><\/li>\n\n\n\n<li class=\"link\"><a target=\"_blank\" href=\"https:\/\/gainzurilhi.hezkuntza.net\/eu\/\"><img decoding=\"async\" src=\"http:\/\/s380018237.mialojamiento.es\/wp-content\/uploads\/2025\/05\/gainzuri.png\" alt=\"client image\" \/><div class=\"overlay\"><\/div><\/a><\/li>\n\n\n\n<li class=\"link\"><a target=\"_blank\" href=\"http:\/\/hezi2de.com\/\"><img decoding=\"async\" src=\"http:\/\/s380018237.mialojamiento.es\/wp-content\/uploads\/2025\/05\/hezi2de.png\" alt=\"client image\" \/><div class=\"overlay\"><\/div><\/a><\/li>\n\n\n\n<li class=\"link\"><a target=\"_blank\" href=\"https:\/\/www.uggasa.eus\/\"><img decoding=\"async\" src=\"http:\/\/s380018237.mialojamiento.es\/wp-content\/uploads\/2025\/05\/uggasa.png\" alt=\"client image\" \/><div class=\"overlay\"><\/div><\/a><\/li>\n\n\n\n<li class=\"link\"><a target=\"_blank\" href=\"https:\/\/hobekielkartea.eus\/\"><img decoding=\"async\" src=\"http:\/\/s380018237.mialojamiento.es\/wp-content\/uploads\/2025\/05\/hobeki.png\" alt=\"client image\" \/><div class=\"overlay\"><\/div><\/a><\/li>\n\n\n\n<li class=\"link\"><a target=\"_blank\" href=\"https:\/\/helburu.com\/\"><img decoding=\"async\" src=\"http:\/\/s380018237.mialojamiento.es\/wp-content\/uploads\/2025\/05\/helburu.png\" alt=\"client image\" \/><div class=\"overlay\"><\/div><\/a><\/li>\n\n\n\n<li class=\"link\"><a target=\"_blank\" href=\"https:\/\/gabiria.eus\/\"><img decoding=\"async\" src=\"http:\/\/s380018237.mialojamiento.es\/wp-content\/uploads\/2025\/05\/gabiri.png\" alt=\"client image\" \/><div class=\"overlay\"><\/div><\/a><\/li>\n\n\n\n<li class=\"link\"><a target=\"_blank\" href=\"https:\/\/www.instagram.com\/n_atalietta\/\"><img decoding=\"async\" src=\"http:\/\/s380018237.mialojamiento.es\/wp-content\/uploads\/2025\/05\/natalietta.png\" alt=\"client image\" \/><div class=\"overlay\"><\/div><\/a><\/li>\n\n\n\n<li class=\"link\"><a target=\"_blank\" href=\"http:\/\/mueblesibaiondo.com\/\"><img decoding=\"async\" src=\"http:\/\/s380018237.mialojamiento.es\/wp-content\/uploads\/2025\/06\/ibaiondo.png\" alt=\"client image\" \/><div class=\"overlay\"><\/div><\/a><\/li>\n\n\n\n<li class=\"link\"><a target=\"_blank\" href=\"https:\/\/urolake.eus\/\"><img decoding=\"async\" src=\"http:\/\/s380018237.mialojamiento.es\/wp-content\/uploads\/2025\/06\/urola-1.png\" alt=\"client image\" \/><div class=\"overlay\"><\/div><\/a><\/li>\n\n\n\n<li class=\"link\"><a target=\"_blank\" href=\"https:\/\/www.alegikosindikatoa.eus\/\"><img decoding=\"async\" src=\"http:\/\/s380018237.mialojamiento.es\/wp-content\/uploads\/2025\/06\/alegiko-sindikatoa-1.png\" alt=\"client image\" \/><div class=\"overlay\"><\/div><\/a><\/li>\n\n\n\n<li class=\"link\"><a target=\"_blank\" href=\"https:\/\/www.instagram.com\/irrintzidantzataldea\/\"><img decoding=\"async\" src=\"http:\/\/s380018237.mialojamiento.es\/wp-content\/uploads\/2025\/06\/irrintzi.png\" alt=\"client image\" \/><div class=\"overlay\"><\/div><\/a><\/li>\n\n\n\n<li class=\"link\"><a target=\"_blank\" href=\"https:\/\/www.uzikastola.eus\/\"><img decoding=\"async\" src=\"http:\/\/s380018237.mialojamiento.es\/wp-content\/uploads\/2025\/06\/ikastola.png\" alt=\"client image\" \/><div class=\"overlay\"><\/div><\/a><\/li>\n\n\n\n<li class=\"link\"><a target=\"_blank\" href=\"https:\/\/nauena.eus\/\"><img decoding=\"async\" src=\"http:\/\/s380018237.mialojamiento.es\/wp-content\/uploads\/2025\/06\/nauena.png\" alt=\"client image\" \/><div class=\"overlay\"><\/div><\/a><\/li>\n\n\n\n<li class=\"link\"><a target=\"_blank\" href=\"https:\/\/susamorleo.com\/\"><img decoding=\"async\" src=\"http:\/\/s380018237.mialojamiento.es\/wp-content\/uploads\/2025\/06\/susa.png\" alt=\"client image\" \/><div class=\"overlay\"><\/div><\/a><\/li>\n\n\n\n<li class=\"link\"><a target=\"_blank\" href=\"http:\/\/bertatikbertara.eus\/\"><img decoding=\"async\" src=\"http:\/\/s380018237.mialojamiento.es\/wp-content\/uploads\/2025\/06\/bertatik_bertara.png\" alt=\"client image\" \/><div class=\"overlay\"><\/div><\/a><\/li>\n<\/ul>\n<\/div>\n<\/div>\n<\/div>\n<\/div>\n<\/div>\n","protected":false},"excerpt":{"rendered":"","protected":false},"author":1,"featured_media":0,"parent":0,"menu_order":0,"comment_status":"closed","ping_status":"closed","template":"","meta":{"footnotes":""},"class_list":["post-4038","page","type-page","status-publish","hentry"],"guten_post_layout_featured_media_urls":{"full":false,"thumbnail":false,"medium":false,"medium_large":false,"large":false,"1536x1536":false,"2048x2048":false,"guten_post_layout_landscape_large":false,"guten_post_layout_portrait_large":false,"guten_post_layout_square_large":false,"guten_post_layout_landscape":false,"guten_post_layout_portrait":false,"guten_post_layout_square":false,"bdpp-medium":false},"_links":{"self":[{"href":"https:\/\/gattiken.eus\/es\/wp-json\/wp\/v2\/pages\/4038","targetHints":{"allow":["GET"]}}],"collection":[{"href":"https:\/\/gattiken.eus\/es\/wp-json\/wp\/v2\/pages"}],"about":[{"href":"https:\/\/gattiken.eus\/es\/wp-json\/wp\/v2\/types\/page"}],"author":[{"embeddable":true,"href":"https:\/\/gattiken.eus\/es\/wp-json\/wp\/v2\/users\/1"}],"replies":[{"embeddable":true,"href":"https:\/\/gattiken.eus\/es\/wp-json\/wp\/v2\/comments?post=4038"}],"version-history":[{"count":1,"href":"https:\/\/gattiken.eus\/es\/wp-json\/wp\/v2\/pages\/4038\/revisions"}],"predecessor-version":[{"id":4039,"href":"https:\/\/gattiken.eus\/es\/wp-json\/wp\/v2\/pages\/4038\/revisions\/4039"}],"wp:attachment":[{"href":"https:\/\/gattiken.eus\/es\/wp-json\/wp\/v2\/media?parent=4038"}],"curies":[{"name":"wp","href":"https:\/\/api.w.org\/{rel}","templated":true}]}}